{"id":332,"date":"2024-07-26T13:47:25","date_gmt":"2024-07-26T11:47:25","guid":{"rendered":"https:\/\/travels.043test.nl\/?page_id=332"},"modified":"2024-11-13T14:38:48","modified_gmt":"2024-11-13T13:38:48","slug":"wer-wir-sind","status":"publish","type":"page","link":"https:\/\/authenticalbaniatravels.com\/de\/wie-zijn-wij\/","title":{"rendered":"Wer wir sind"},"content":{"rendered":"<div data-elementor-type=\"wp-page\" data-elementor-id=\"332\" class=\"elementor elementor-332\" data-elementor-post-type=\"page\">\n\t\t\t\t<div class=\"elementor-element elementor-element-e783f8e e-flex e-con-boxed e-con e-parent\" data-id=\"e783f8e\" data-element_type=\"container\" data-e-type=\"container\" data-settings=\"{&quot;background_background&quot;:&quot;classic&quot;,&quot;jet_parallax_layout_list&quot;:[]}\">\n\t\t\t\t\t<div class=\"e-con-inner\">\n\t\t\t\t<div class=\"elementor-element elementor-element-d775855 elementor-widget elementor-widget-heading\" data-id=\"d775855\" data-element_type=\"widget\" data-e-type=\"widget\" data-widget_type=\"heading.default\">\n\t\t\t\t<div class=\"elementor-widget-container\">\n\t\t\t\t\t<h2 class=\"elementor-heading-title elementor-size-default\">Wer wir sind<\/h2>\t\t\t\t<\/div>\n\t\t\t\t<\/div>\n\t\t\t\t\t<\/div>\n\t\t\t\t<\/div>\n\t\t<div class=\"elementor-element elementor-element-f12d435 e-flex e-con-boxed e-con e-parent\" data-id=\"f12d435\" data-element_type=\"container\" data-e-type=\"container\" data-settings=\"{&quot;background_background&quot;:&quot;classic&quot;,&quot;jet_parallax_layout_list&quot;:[]}\">\n\t\t\t\t\t<div class=\"e-con-inner\">\n\t\t<div class=\"elementor-element elementor-element-561e907 e-con-full e-flex e-con e-child\" data-id=\"561e907\" data-element_type=\"container\" data-e-type=\"container\" data-settings=\"{&quot;background_background&quot;:&quot;classic&quot;,&quot;jet_parallax_layout_list&quot;:[]}\">\n\t\t\t\t<div class=\"elementor-element elementor-element-2e6f2f1 elementor-widget elementor-widget-image\" data-id=\"2e6f2f1\" data-element_type=\"widget\" data-e-type=\"widget\" data-widget_type=\"image.default\">\n\t\t\t\t<div class=\"elementor-widget-container\">\n\t\t\t\t\t\t\t\t\t\t\t\t\t\t\t<img fetchpriority=\"high\" decoding=\"async\" width=\"1328\" height=\"2000\" src=\"https:\/\/authenticalbaniatravels.com\/wp-content\/uploads\/2024\/11\/CIMG3063-copy.jpg\" class=\"attachment-full size-full wp-image-751\" alt=\"\" srcset=\"https:\/\/authenticalbaniatravels.com\/wp-content\/uploads\/2024\/11\/CIMG3063-copy.jpg 1328w, https:\/\/authenticalbaniatravels.com\/wp-content\/uploads\/2024\/11\/CIMG3063-copy-199x300.jpg 199w, https:\/\/authenticalbaniatravels.com\/wp-content\/uploads\/2024\/11\/CIMG3063-copy-680x1024.jpg 680w, https:\/\/authenticalbaniatravels.com\/wp-content\/uploads\/2024\/11\/CIMG3063-copy-768x1157.jpg 768w, https:\/\/authenticalbaniatravels.com\/wp-content\/uploads\/2024\/11\/CIMG3063-copy-1020x1536.jpg 1020w\" sizes=\"(max-width: 1328px) 100vw, 1328px\" title=\"\">\t\t\t\t\t\t\t\t\t\t\t\t\t\t\t<\/div>\n\t\t\t\t<\/div>\n\t\t\t\t<div class=\"elementor-element elementor-element-0512b0d elementor-widget elementor-widget-heading\" data-id=\"0512b0d\" data-element_type=\"widget\" data-e-type=\"widget\" data-widget_type=\"heading.default\">\n\t\t\t\t<div class=\"elementor-widget-container\">\n\t\t\t\t\t<h2 class=\"elementor-heading-title elementor-size-default\">Ersi La\u00e7ej<\/h2>\t\t\t\t<\/div>\n\t\t\t\t<\/div>\n\t\t\t\t<\/div>\n\t\t<div class=\"elementor-element elementor-element-a89645a e-con-full e-flex e-con e-child\" data-id=\"a89645a\" data-element_type=\"container\" data-e-type=\"container\" data-settings=\"{&quot;jet_parallax_layout_list&quot;:[]}\">\n\t\t\t\t<div class=\"elementor-element elementor-element-74ed3bd elementor-widget elementor-widget-elementskit-heading\" data-id=\"74ed3bd\" data-element_type=\"widget\" data-e-type=\"widget\" data-widget_type=\"elementskit-heading.default\">\n\t\t\t\t<div class=\"elementor-widget-container\">\n\t\t\t\t\t<div class=\"ekit-wid-con\" ><div class=\"ekit-heading elementskit-section-title-wraper text_left   ekit_heading_tablet-text_center   ekit_heading_mobile-\"><h2 class=\"ekit-heading--title elementskit-section-title\">Wir sind <span><span>Authentisches Albanien Reisen<\/span><\/span><\/h2>\t\t\t\t<div class='ekit-heading__description'>\n\t\t\t\t\t<p><strong>Authentisches Albanien Reisen<\/strong>\u00a0ist ein etablierter Reiseveranstalter in Maastricht, der sich der effektiven Planung und Durchf\u00fchrung von Einzel- und Gruppenreisen in die faszinierendsten Teile Albaniens sowie in die Nachbarl\u00e4nder Montenegro, Kosovo, Mazedonien und (Nord-)Griechenland widmet.<\/p>\n<p>Wir haben uns darauf spezialisiert, mehrt\u00e4gige Rundreisen mit (Mini-)Bussen zu organisieren, die von \u00f6rtlichen Reiseleitern begleitet werden, die flie\u00dfend Deutsch oder Englisch sprechen. Sowohl unsere Reiseleiter als auch der Gr\u00fcnder von\u00a0<strong>Authentisches Albanien Reisen<\/strong>\u00a0verf\u00fcgen \u00fcber umfassende Kenntnisse und Erfahrungen \u00fcber dieses noch relativ unentdeckte Land und seine reiche Geschichte. Unsere vielf\u00e4ltigen Touren beinhalten Besuche in den historisch und kulturell bedeutendsten St\u00e4dten, und wir haben uns bem\u00fcht, eine harmonische Mischung aus st\u00e4dtischen Erkundungen und dem Erleben der unber\u00fchrten Natursch\u00f6nheiten des Landes zu schaffen.<\/p>\n\t\t\t\t<\/div>\n\t\t\t<\/div><\/div>\t\t\t\t<\/div>\n\t\t\t\t<\/div>\n\t\t\t\t<div class=\"elementor-element elementor-element-7e92ba7 elementor-widget-divider--view-line elementor-widget elementor-widget-divider\" data-id=\"7e92ba7\" data-element_type=\"widget\" data-e-type=\"widget\" data-widget_type=\"divider.default\">\n\t\t\t\t<div class=\"elementor-widget-container\">\n\t\t\t\t\t\t\t<div class=\"elementor-divider\">\n\t\t\t<span class=\"elementor-divider-separator\">\n\t\t\t\t\t\t<\/span>\n\t\t<\/div>\n\t\t\t\t\t\t<\/div>\n\t\t\t\t<\/div>\n\t\t\t\t<\/div>\n\t\t\t\t\t<\/div>\n\t\t\t\t<\/div>\n\t\t<div class=\"elementor-element elementor-element-bda3979 e-flex e-con-boxed e-con e-parent\" data-id=\"bda3979\" data-element_type=\"container\" data-e-type=\"container\" data-settings=\"{&quot;background_background&quot;:&quot;classic&quot;,&quot;jet_parallax_layout_list&quot;:[]}\">\n\t\t\t\t\t<div class=\"e-con-inner\">\n\t\t\t\t<div class=\"elementor-element elementor-element-2e271b3 elementor-widget elementor-widget-heading\" data-id=\"2e271b3\" data-element_type=\"widget\" data-e-type=\"widget\" data-widget_type=\"heading.default\">\n\t\t\t\t<div class=\"elementor-widget-container\">\n\t\t\t\t\t<h2 class=\"elementor-heading-title elementor-size-default\">Was wir tun<\/h2>\t\t\t\t<\/div>\n\t\t\t\t<\/div>\n\t\t<div class=\"elementor-element elementor-element-afc1658 e-con-full e-flex e-con e-child\" data-id=\"afc1658\" data-element_type=\"container\" data-e-type=\"container\" data-settings=\"{&quot;jet_parallax_layout_list&quot;:[]}\">\n\t\t<div class=\"elementor-element elementor-element-c01ac05 e-con-full e-flex e-con e-child\" data-id=\"c01ac05\" data-element_type=\"container\" data-e-type=\"container\" data-settings=\"{&quot;jet_parallax_layout_list&quot;:[]}\">\n\t\t\t\t<div class=\"elementor-element elementor-element-30cea5e elementor-widget elementor-widget-text-editor\" data-id=\"30cea5e\" data-element_type=\"widget\" data-e-type=\"widget\" data-widget_type=\"text-editor.default\">\n\t\t\t\t<div class=\"elementor-widget-container\">\n\t\t\t\t\t\t\t\t\t<p>Wir haben uns darauf spezialisiert, mehrt\u00e4gige Rundreisen mit (Mini-)Bussen zu organisieren, die von lokalen Reiseleitern begleitet werden, die flie\u00dfend Deutsch oder Englisch sprechen. Diese Reiseleiter verf\u00fcgen, wie auch der Gr\u00fcnder von Authentic Albania Travel, \u00fcber umfangreiche Kenntnisse und Erfahrungen \u00fcber dieses noch relativ unentdeckte Land und seine reiche Geschichte. Unsere vielf\u00e4ltigen Touren beinhalten Besuche in den historisch und kulturell bedeutendsten St\u00e4dten, wobei wir uns um eine harmonische Mischung aus urbaner Erkundung und dem Erleben der unber\u00fchrten Natursch\u00f6nheiten des Landes bem\u00fcht haben.<\/p><p>W\u00e4hrend Ihres Besuchs in \"Shqiperia\", was so viel wie \"Land des Adlers\" bedeutet, werden Sie die freundliche Natur und die herzliche Gastfreundschaft der Einheimischen ausgiebig kennen lernen. Sie werden reichlich Gelegenheit haben, die Gastfreundschaft und Offenheit der Albaner selbst zu erleben.<\/p><p>Die Menschen in diesem sch\u00f6nen Land, das lange Zeit von der Au\u00dfenwelt isoliert war, scheinen entschlossen, den R\u00fcckstand aufzuholen, und nutzen jede Gelegenheit, um sich zu unterhalten - auch mit Ihnen.<\/p>\t\t\t\t\t\t\t\t<\/div>\n\t\t\t\t<\/div>\n\t\t\t\t<\/div>\n\t\t<div class=\"elementor-element elementor-element-1e74407 e-con-full e-flex e-con e-child\" data-id=\"1e74407\" data-element_type=\"container\" data-e-type=\"container\" data-settings=\"{&quot;jet_parallax_layout_list&quot;:[]}\">\n\t\t\t\t<div class=\"elementor-element elementor-element-3ec56fe elementor-widget elementor-widget-text-editor\" data-id=\"3ec56fe\" data-element_type=\"widget\" data-e-type=\"widget\" data-widget_type=\"text-editor.default\">\n\t\t\t\t<div class=\"elementor-widget-container\">\n\t\t\t\t\t\t\t\t\t<p>W\u00e4hrend der Reise haben Sie neben gemeinsamen Ausfl\u00fcgen nat\u00fcrlich auch viel Freiraum f\u00fcr eigene Interpretationen.<\/p><p>Albanien ist ein relativ unbekanntes Urlaubsziel in Europa. Aufgrund der jahrelangen Isolation gibt es immer noch einige falsche Vorurteile \u00fcber dieses Land und seine Menschen. Dennoch entdecken jedes Jahr Tausende von Urlaubern die Sch\u00f6nheit dieses faszinierenden Landes. Sie lernen die Authentizit\u00e4t kennen, die Albanien zu bieten hat. Ein wichtiger Aspekt ist zum Beispiel der Verzicht auf Pestizide, was bedeutet, dass die Produkte aus Landwirtschaft und Viehzucht nicht gespritzt werden und die Grundlage f\u00fcr eine au\u00dfergew\u00f6hnlich schmackhafte K\u00fcche bilden.<\/p><p>Seit dem Ende der kommunistischen \u00c4ra hat Albanien den Isolationismus hinter sich gelassen und arbeitet hart daran, seinen Platz im modernen Europa einzunehmen. Ein eindrucksvolles Beispiel ist die Hauptstadt Tirana, die sich rasch zu einer pulsierenden und lebendigen Metropole entwickelt hat.<\/p>\t\t\t\t\t\t\t\t<\/div>\n\t\t\t\t<\/div>\n\t\t\t\t<\/div>\n\t\t\t\t<\/div>\n\t\t\t\t\t<\/div>\n\t\t\t\t<\/div>\n\t\t<div class=\"elementor-element elementor-element-2bccd2b e-flex e-con-boxed e-con e-parent\" data-id=\"2bccd2b\" data-element_type=\"container\" data-e-type=\"container\" data-settings=\"{&quot;background_background&quot;:&quot;classic&quot;,&quot;jet_parallax_layout_list&quot;:[]}\">\n\t\t\t\t\t<div class=\"e-con-inner\">\n\t\t\t\t<div class=\"elementor-element elementor-element-4264f59 elementor-widget elementor-widget-heading\" data-id=\"4264f59\" data-element_type=\"widget\" data-e-type=\"widget\" data-widget_type=\"heading.default\">\n\t\t\t\t<div class=\"elementor-widget-container\">\n\t\t\t\t\t<h2 class=\"elementor-heading-title elementor-size-default\">Impression<\/h2>\t\t\t\t<\/div>\n\t\t\t\t<\/div>\n\t\t<div class=\"elementor-element elementor-element-80ef004 e-con-full e-grid e-con e-child\" data-id=\"80ef004\" data-element_type=\"container\" data-e-type=\"container\" data-settings=\"{&quot;jet_parallax_layout_list&quot;:[]}\">\n\t\t\t\t<div class=\"elementor-element elementor-element-d07270a elementor-widget elementor-widget-prim_basic_team\" data-id=\"d07270a\" data-element_type=\"widget\" data-e-type=\"widget\" data-settings=\"{&quot;team_image&quot;:{&quot;url&quot;:&quot;https:\\\/\\\/authenticalbaniatravels.com\\\/wp-content\\\/uploads\\\/2024\\\/07\\\/shutterstock_679796299.jpeg&quot;,&quot;id&quot;:285,&quot;size&quot;:&quot;&quot;,&quot;alt&quot;:&quot;&quot;,&quot;source&quot;:&quot;library&quot;}}\" data-widget_type=\"prim_basic_team.default\">\n\t\t\t\t<div class=\"elementor-widget-container\">\n\t\t\t\t\t\t\t<div class=\"napae-team\">\n\t\t\t\t\t<div class=\"napae-mate-item\">\n\t\t\t\t\t\t\t\t\t<div class=\"napae-image\">\n\t\t\t\t\t\t\t\t\t\t\t\t\t<img decoding=\"async\" src=\"https:\/\/authenticalbaniatravels.com\/wp-content\/uploads\/2024\/07\/shutterstock_679796299.jpeg\" alt=\"Tirana\" title=\"\">\n\t\t\t\t\t\t\t\t\t\t\t<\/div>\n\t\t\t\t\t      <div class=\"napae-mate-info\">\n\t        <h4 class=\"napae-mate-name\">Tirana<\/h4>\t        <div class=\"napae-social\">\n            <ul>\n            \t            <\/ul>\n          <\/div>\n\t      <\/div>\n\t    <\/div>\n\t      <\/div>\n\t\t\t\t\t\t<\/div>\n\t\t\t\t<\/div>\n\t\t\t\t<div class=\"elementor-element elementor-element-b83ebec elementor-widget elementor-widget-prim_basic_team\" data-id=\"b83ebec\" data-element_type=\"widget\" data-e-type=\"widget\" data-settings=\"{&quot;team_image&quot;:{&quot;url&quot;:&quot;https:\\\/\\\/authenticalbaniatravels.com\\\/wp-content\\\/uploads\\\/2024\\\/07\\\/Day-4-Large.jpeg&quot;,&quot;id&quot;:256,&quot;size&quot;:&quot;&quot;,&quot;alt&quot;:&quot;&quot;,&quot;source&quot;:&quot;library&quot;}}\" data-widget_type=\"prim_basic_team.default\">\n\t\t\t\t<div class=\"elementor-widget-container\">\n\t\t\t\t\t\t\t<div class=\"napae-team\">\n\t\t\t\t\t<div class=\"napae-mate-item\">\n\t\t\t\t\t\t\t\t\t<div class=\"napae-image\">\n\t\t\t\t\t\t\t\t\t\t\t\t\t<img decoding=\"async\" src=\"https:\/\/authenticalbaniatravels.com\/wp-content\/uploads\/2024\/07\/Day-4-Large.jpeg\" alt=\"Budva\" title=\"\">\n\t\t\t\t\t\t\t\t\t\t\t<\/div>\n\t\t\t\t\t      <div class=\"napae-mate-info\">\n\t        <h4 class=\"napae-mate-name\">Budva<\/h4>\t        <div class=\"napae-social\">\n            <ul>\n            \t            <\/ul>\n          <\/div>\n\t      <\/div>\n\t    <\/div>\n\t      <\/div>\n\t\t\t\t\t\t<\/div>\n\t\t\t\t<\/div>\n\t\t\t\t<div class=\"elementor-element elementor-element-45e40a0 elementor-widget elementor-widget-prim_basic_team\" data-id=\"45e40a0\" data-element_type=\"widget\" data-e-type=\"widget\" data-settings=\"{&quot;team_image&quot;:{&quot;url&quot;:&quot;https:\\\/\\\/authenticalbaniatravels.com\\\/wp-content\\\/uploads\\\/2024\\\/07\\\/Day-7-Large.jpeg&quot;,&quot;id&quot;:260,&quot;size&quot;:&quot;&quot;,&quot;alt&quot;:&quot;&quot;,&quot;source&quot;:&quot;library&quot;}}\" data-widget_type=\"prim_basic_team.default\">\n\t\t\t\t<div class=\"elementor-widget-container\">\n\t\t\t\t\t\t\t<div class=\"napae-team\">\n\t\t\t\t\t<div class=\"napae-mate-item\">\n\t\t\t\t\t\t\t\t\t<div class=\"napae-image\">\n\t\t\t\t\t\t\t\t\t\t\t\t\t<img decoding=\"async\" src=\"https:\/\/authenticalbaniatravels.com\/wp-content\/uploads\/2024\/07\/Day-7-Large.jpeg\" alt=\"Shkoder\" title=\"\">\n\t\t\t\t\t\t\t\t\t\t\t<\/div>\n\t\t\t\t\t      <div class=\"napae-mate-info\">\n\t        <h4 class=\"napae-mate-name\">Shkoder<\/h4>\t        <div class=\"napae-social\">\n            <ul>\n            \t            <\/ul>\n          <\/div>\n\t      <\/div>\n\t    <\/div>\n\t      <\/div>\n\t\t\t\t\t\t<\/div>\n\t\t\t\t<\/div>\n\t\t\t\t<div class=\"elementor-element elementor-element-cbc9292 elementor-widget elementor-widget-prim_basic_team\" data-id=\"cbc9292\" data-element_type=\"widget\" data-e-type=\"widget\" data-settings=\"{&quot;team_image&quot;:{&quot;url&quot;:&quot;https:\\\/\\\/authenticalbaniatravels.com\\\/wp-content\\\/uploads\\\/2024\\\/07\\\/Day-9-Large.jpeg&quot;,&quot;id&quot;:263,&quot;size&quot;:&quot;&quot;,&quot;alt&quot;:&quot;&quot;,&quot;source&quot;:&quot;library&quot;}}\" data-widget_type=\"prim_basic_team.default\">\n\t\t\t\t<div class=\"elementor-widget-container\">\n\t\t\t\t\t\t\t<div class=\"napae-team\">\n\t\t\t\t\t<div class=\"napae-mate-item\">\n\t\t\t\t\t\t\t\t\t<div class=\"napae-image\">\n\t\t\t\t\t\t\t\t\t\t\t\t\t<img decoding=\"async\" src=\"https:\/\/authenticalbaniatravels.com\/wp-content\/uploads\/2024\/07\/Day-9-Large.jpeg\" alt=\"Kruja\" title=\"\">\n\t\t\t\t\t\t\t\t\t\t\t<\/div>\n\t\t\t\t\t      <div class=\"napae-mate-info\">\n\t        <h4 class=\"napae-mate-name\">Kruja<\/h4>\t        <div class=\"napae-social\">\n            <ul>\n            \t            <\/ul>\n          <\/div>\n\t      <\/div>\n\t    <\/div>\n\t      <\/div>\n\t\t\t\t\t\t<\/div>\n\t\t\t\t<\/div>\n\t\t\t\t<\/div>\n\t\t<div class=\"elementor-element elementor-element-6d2cd56 e-con-full e-flex e-con e-child\" data-id=\"6d2cd56\" data-element_type=\"container\" data-e-type=\"container\" data-settings=\"{&quot;jet_parallax_layout_list&quot;:[]}\">\n\t\t\t\t<div class=\"elementor-element elementor-element-4e2c07a elementor-widget elementor-widget-gallery\" data-id=\"4e2c07a\" data-element_type=\"widget\" data-e-type=\"widget\" data-settings=\"{&quot;gallery_layout&quot;:&quot;masonry&quot;,&quot;columns&quot;:3,&quot;lazyload&quot;:&quot;yes&quot;,&quot;columns_tablet&quot;:2,&quot;columns_mobile&quot;:1,&quot;gap&quot;:{&quot;unit&quot;:&quot;px&quot;,&quot;size&quot;:10,&quot;sizes&quot;:[]},&quot;gap_tablet&quot;:{&quot;unit&quot;:&quot;px&quot;,&quot;size&quot;:10,&quot;sizes&quot;:[]},&quot;gap_mobile&quot;:{&quot;unit&quot;:&quot;px&quot;,&quot;size&quot;:10,&quot;sizes&quot;:[]},&quot;link_to&quot;:&quot;file&quot;,&quot;overlay_background&quot;:&quot;yes&quot;,&quot;content_hover_animation&quot;:&quot;fade-in&quot;}\" data-widget_type=\"gallery.default\">\n\t\t\t\t<div class=\"elementor-widget-container\">\n\t\t\t\t\t\t\t<div class=\"elementor-gallery__container\">\n\t\t\t\t\t\t\t<a class=\"e-gallery-item elementor-gallery-item elementor-animated-content\" href=\"https:\/\/authenticalbaniatravels.com\/wp-content\/uploads\/2024\/11\/CIMG3260-Large.jpeg\" data-elementor-open-lightbox=\"yes\" data-elementor-lightbox-slideshow=\"4e2c07a\" data-elementor-lightbox-title=\"CIMG3260 Large\" data-e-action-hash=\"#elementor-action%3Aaction%3Dlightbox%26settings%3DeyJpZCI6Nzg3LCJ1cmwiOiJodHRwczpcL1wvYXV0aGVudGljYWxiYW5pYXRyYXZlbHMuY29tXC93cC1jb250ZW50XC91cGxvYWRzXC8yMDI0XC8xMVwvQ0lNRzMyNjAtTGFyZ2UuanBlZyIsInNsaWRlc2hvdyI6IjRlMmMwN2EifQ%3D%3D\">\n\t\t\t\t\t<div class=\"e-gallery-image elementor-gallery-item__image\" data-thumbnail=\"https:\/\/authenticalbaniatravels.com\/wp-content\/uploads\/2024\/11\/CIMG3260-Large.jpeg\" data-width=\"850\" data-height=\"1280\" aria-label=\"\" role=\"img\" ><\/div>\n\t\t\t\t\t\t\t\t\t\t\t<div class=\"elementor-gallery-item__overlay\"><\/div>\n\t\t\t\t\t\t\t\t\t\t\t\t\t\t<\/a>\n\t\t\t\t\t\t\t<a class=\"e-gallery-item elementor-gallery-item elementor-animated-content\" href=\"https:\/\/authenticalbaniatravels.com\/wp-content\/uploads\/2024\/11\/CIMG3261-Large.jpeg\" data-elementor-open-lightbox=\"yes\" data-elementor-lightbox-slideshow=\"4e2c07a\" data-elementor-lightbox-title=\"CIMG3261 Large\" data-e-action-hash=\"#elementor-action%3Aaction%3Dlightbox%26settings%3DeyJpZCI6Nzg4LCJ1cmwiOiJodHRwczpcL1wvYXV0aGVudGljYWxiYW5pYXRyYXZlbHMuY29tXC93cC1jb250ZW50XC91cGxvYWRzXC8yMDI0XC8xMVwvQ0lNRzMyNjEtTGFyZ2UuanBlZyIsInNsaWRlc2hvdyI6IjRlMmMwN2EifQ%3D%3D\">\n\t\t\t\t\t<div class=\"e-gallery-image elementor-gallery-item__image\" data-thumbnail=\"https:\/\/authenticalbaniatravels.com\/wp-content\/uploads\/2024\/11\/CIMG3261-Large.jpeg\" data-width=\"1280\" data-height=\"850\" aria-label=\"\" role=\"img\" ><\/div>\n\t\t\t\t\t\t\t\t\t\t\t<div class=\"elementor-gallery-item__overlay\"><\/div>\n\t\t\t\t\t\t\t\t\t\t\t\t\t\t<\/a>\n\t\t\t\t\t\t\t<a class=\"e-gallery-item elementor-gallery-item elementor-animated-content\" href=\"https:\/\/authenticalbaniatravels.com\/wp-content\/uploads\/2024\/11\/CIMG3267-Large.jpeg\" data-elementor-open-lightbox=\"yes\" data-elementor-lightbox-slideshow=\"4e2c07a\" data-elementor-lightbox-title=\"CIMG3267 Large\" data-e-action-hash=\"#elementor-action%3Aaction%3Dlightbox%26settings%3DeyJpZCI6Nzg5LCJ1cmwiOiJodHRwczpcL1wvYXV0aGVudGljYWxiYW5pYXRyYXZlbHMuY29tXC93cC1jb250ZW50XC91cGxvYWRzXC8yMDI0XC8xMVwvQ0lNRzMyNjctTGFyZ2UuanBlZyIsInNsaWRlc2hvdyI6IjRlMmMwN2EifQ%3D%3D\">\n\t\t\t\t\t<div class=\"e-gallery-image elementor-gallery-item__image\" data-thumbnail=\"https:\/\/authenticalbaniatravels.com\/wp-content\/uploads\/2024\/11\/CIMG3267-Large.jpeg\" data-width=\"1280\" data-height=\"850\" aria-label=\"\" role=\"img\" ><\/div>\n\t\t\t\t\t\t\t\t\t\t\t<div class=\"elementor-gallery-item__overlay\"><\/div>\n\t\t\t\t\t\t\t\t\t\t\t\t\t\t<\/a>\n\t\t\t\t\t\t\t<a class=\"e-gallery-item elementor-gallery-item elementor-animated-content\" href=\"https:\/\/authenticalbaniatravels.com\/wp-content\/uploads\/2024\/11\/CIMG3272-Large.jpeg\" data-elementor-open-lightbox=\"yes\" data-elementor-lightbox-slideshow=\"4e2c07a\" data-elementor-lightbox-title=\"CIMG3272 Large\" data-e-action-hash=\"#elementor-action%3Aaction%3Dlightbox%26settings%3DeyJpZCI6NzkwLCJ1cmwiOiJodHRwczpcL1wvYXV0aGVudGljYWxiYW5pYXRyYXZlbHMuY29tXC93cC1jb250ZW50XC91cGxvYWRzXC8yMDI0XC8xMVwvQ0lNRzMyNzItTGFyZ2UuanBlZyIsInNsaWRlc2hvdyI6IjRlMmMwN2EifQ%3D%3D\">\n\t\t\t\t\t<div class=\"e-gallery-image elementor-gallery-item__image\" data-thumbnail=\"https:\/\/authenticalbaniatravels.com\/wp-content\/uploads\/2024\/11\/CIMG3272-Large.jpeg\" data-width=\"1280\" data-height=\"850\" aria-label=\"\" role=\"img\" ><\/div>\n\t\t\t\t\t\t\t\t\t\t\t<div class=\"elementor-gallery-item__overlay\"><\/div>\n\t\t\t\t\t\t\t\t\t\t\t\t\t\t<\/a>\n\t\t\t\t\t\t\t<a class=\"e-gallery-item elementor-gallery-item elementor-animated-content\" href=\"https:\/\/authenticalbaniatravels.com\/wp-content\/uploads\/2024\/11\/CIMG3291-Large.jpeg\" data-elementor-open-lightbox=\"yes\" data-elementor-lightbox-slideshow=\"4e2c07a\" data-elementor-lightbox-title=\"CIMG3291 Large\" data-e-action-hash=\"#elementor-action%3Aaction%3Dlightbox%26settings%3DeyJpZCI6NzkxLCJ1cmwiOiJodHRwczpcL1wvYXV0aGVudGljYWxiYW5pYXRyYXZlbHMuY29tXC93cC1jb250ZW50XC91cGxvYWRzXC8yMDI0XC8xMVwvQ0lNRzMyOTEtTGFyZ2UuanBlZyIsInNsaWRlc2hvdyI6IjRlMmMwN2EifQ%3D%3D\">\n\t\t\t\t\t<div class=\"e-gallery-image elementor-gallery-item__image\" data-thumbnail=\"https:\/\/authenticalbaniatravels.com\/wp-content\/uploads\/2024\/11\/CIMG3291-Large.jpeg\" data-width=\"1280\" data-height=\"850\" aria-label=\"\" role=\"img\" ><\/div>\n\t\t\t\t\t\t\t\t\t\t\t<div class=\"elementor-gallery-item__overlay\"><\/div>\n\t\t\t\t\t\t\t\t\t\t\t\t\t\t<\/a>\n\t\t\t\t\t<\/div>\n\t\t\t\t\t<\/div>\n\t\t\t\t<\/div>\n\t\t\t\t<\/div>\n\t\t\t\t\t<\/div>\n\t\t\t\t<\/div>\n\t\t\t\t<\/div>","protected":false},"excerpt":{"rendered":"<p>Wer sind wir Ersi La\u00e7ej Wir sind Authentic Albania Travel Authentic Albania Travel ist ein etablierter Reiseveranstalter in Maastricht, der sich der effektiven Planung und Durchf\u00fchrung von Einzel- und Gruppenreisen in die sch\u00f6nsten Teile Albaniens sowie in die Nachbarl\u00e4nder Montenegro, Kosovo, Mazedonien und (Nord-)Griechenland widmet. Wir haben uns spezialisiert...<\/p>","protected":false},"author":1,"featured_media":0,"parent":0,"menu_order":0,"comment_status":"closed","ping_status":"closed","template":"","meta":{"footnotes":""},"class_list":["post-332","page","type-page","status-publish","hentry"],"_links":{"self":[{"href":"https:\/\/authenticalbaniatravels.com\/de\/wp-json\/wp\/v2\/pages\/332","targetHints":{"allow":["GET"]}}],"collection":[{"href":"https:\/\/authenticalbaniatravels.com\/de\/wp-json\/wp\/v2\/pages"}],"about":[{"href":"https:\/\/authenticalbaniatravels.com\/de\/wp-json\/wp\/v2\/types\/page"}],"author":[{"embeddable":true,"href":"https:\/\/authenticalbaniatravels.com\/de\/wp-json\/wp\/v2\/users\/1"}],"replies":[{"embeddable":true,"href":"https:\/\/authenticalbaniatravels.com\/de\/wp-json\/wp\/v2\/comments?post=332"}],"version-history":[{"count":21,"href":"https:\/\/authenticalbaniatravels.com\/de\/wp-json\/wp\/v2\/pages\/332\/revisions"}],"predecessor-version":[{"id":794,"href":"https:\/\/authenticalbaniatravels.com\/de\/wp-json\/wp\/v2\/pages\/332\/revisions\/794"}],"wp:attachment":[{"href":"https:\/\/authenticalbaniatravels.com\/de\/wp-json\/wp\/v2\/media?parent=332"}],"curies":[{"name":"wp","href":"https:\/\/api.w.org\/{rel}","templated":true}]}}