{"id":346,"date":"2024-07-26T14:26:53","date_gmt":"2024-07-26T12:26:53","guid":{"rendered":"https:\/\/travels.043test.nl\/?page_id=346"},"modified":"2024-11-13T13:36:47","modified_gmt":"2024-11-13T12:36:47","slug":"uber-albanien","status":"publish","type":"page","link":"https:\/\/authenticalbaniatravels.com\/de\/over-albanie\/","title":{"rendered":"\u00dcber Albanien"},"content":{"rendered":"<div data-elementor-type=\"wp-page\" data-elementor-id=\"346\" class=\"elementor elementor-346\" data-elementor-post-type=\"page\">\n\t\t\t\t<div class=\"elementor-element elementor-element-e631c25 e-flex e-con-boxed e-con e-parent\" data-id=\"e631c25\" data-element_type=\"container\" data-e-type=\"container\" data-settings=\"{&quot;background_background&quot;:&quot;classic&quot;,&quot;jet_parallax_layout_list&quot;:[]}\">\n\t\t\t\t\t<div class=\"e-con-inner\">\n\t\t\t\t<div class=\"elementor-element elementor-element-8823703 elementor-widget elementor-widget-heading\" data-id=\"8823703\" data-element_type=\"widget\" data-e-type=\"widget\" data-widget_type=\"heading.default\">\n\t\t\t\t<div class=\"elementor-widget-container\">\n\t\t\t\t\t<h2 class=\"elementor-heading-title elementor-size-default\">\u00dcber Albanien<\/h2>\t\t\t\t<\/div>\n\t\t\t\t<\/div>\n\t\t\t\t\t<\/div>\n\t\t\t\t<\/div>\n\t\t<div class=\"elementor-element elementor-element-5ee81fb e-flex e-con-boxed e-con e-parent\" data-id=\"5ee81fb\" data-element_type=\"container\" data-e-type=\"container\" data-settings=\"{&quot;background_background&quot;:&quot;classic&quot;,&quot;jet_parallax_layout_list&quot;:[]}\">\n\t\t\t\t\t<div class=\"e-con-inner\">\n\t\t<div class=\"elementor-element elementor-element-5e1f960 e-con-full e-flex e-con e-child\" data-id=\"5e1f960\" data-element_type=\"container\" data-e-type=\"container\" data-settings=\"{&quot;background_background&quot;:&quot;classic&quot;,&quot;jet_parallax_layout_list&quot;:[]}\">\n\t\t\t\t<\/div>\n\t\t<div class=\"elementor-element elementor-element-6b7614e e-con-full e-flex e-con e-child\" data-id=\"6b7614e\" data-element_type=\"container\" data-e-type=\"container\" data-settings=\"{&quot;jet_parallax_layout_list&quot;:[]}\">\n\t\t\t\t<div class=\"elementor-element elementor-element-f534ebb elementor-widget elementor-widget-heading\" data-id=\"f534ebb\" data-element_type=\"widget\" data-e-type=\"widget\" data-widget_type=\"heading.default\">\n\t\t\t\t<div class=\"elementor-widget-container\">\n\t\t\t\t\t<h4 class=\"elementor-heading-title elementor-size-default\">Albanien<\/h4>\t\t\t\t<\/div>\n\t\t\t\t<\/div>\n\t\t\t\t<div class=\"elementor-element elementor-element-ff46fbd elementor-widget elementor-widget-text-editor\" data-id=\"ff46fbd\" data-element_type=\"widget\" data-e-type=\"widget\" data-widget_type=\"text-editor.default\">\n\t\t\t\t<div class=\"elementor-widget-container\">\n\t\t\t\t\t\t\t\t\t<p><strong>Albanien<\/strong>\u00a0ist ein Land am Mittelmeer, das zwischen Montenegro im Norden, Griechenland im S\u00fcden, dem Kosovo und Mazedonien im Osten liegt und im Westen einen schmalen, bis zu 60 km breiten K\u00fcstenstreifen aufweist. W\u00e4hrend der jahrzehntelangen kommunistischen Herrschaft war Albanien von der Au\u00dfenwelt isoliert, doch im letzten Jahrzehnt hat es sich zu einem der faszinierendsten Reiseziele Europas entwickelt. Das Land bietet erstaunliche Berglandschaften, historisch und kulturell reiche St\u00e4dte und \u00e4u\u00dferst freundliche Einheimische, die stolz auf ihre '<strong>Shqiperia<\/strong>' (das Land des Adlers).<\/p><p>Seit den 1990er Jahren,\u00a0<strong>Albanien<\/strong>\u00a0hat nicht nur ein demokratisches politisches System eingef\u00fchrt, sondern auch ein stetiges Wirtschaftswachstum erlebt. Es bleibt jedoch noch einiges zu tun, denn die Infrastruktur ist oft unzureichend und verursacht lange Fahrzeiten. Die Sch\u00f6nheit der zu besuchenden St\u00e4dte und die unber\u00fchrte Natur entsch\u00e4digen jedoch mehr als f\u00fcr diese Unannehmlichkeiten.<\/p>\t\t\t\t\t\t\t\t<\/div>\n\t\t\t\t<\/div>\n\t\t\t\t<div class=\"elementor-element elementor-element-f40bc99 elementor-widget-divider--view-line elementor-widget elementor-widget-divider\" data-id=\"f40bc99\" data-element_type=\"widget\" data-e-type=\"widget\" data-widget_type=\"divider.default\">\n\t\t\t\t<div class=\"elementor-widget-container\">\n\t\t\t\t\t\t\t<div class=\"elementor-divider\">\n\t\t\t<span class=\"elementor-divider-separator\">\n\t\t\t\t\t\t<\/span>\n\t\t<\/div>\n\t\t\t\t\t\t<\/div>\n\t\t\t\t<\/div>\n\t\t\t\t<\/div>\n\t\t\t\t\t<\/div>\n\t\t\t\t<\/div>\n\t\t<div class=\"elementor-element elementor-element-d19cc82 e-flex e-con-boxed e-con e-parent\" data-id=\"d19cc82\" data-element_type=\"container\" data-e-type=\"container\" data-settings=\"{&quot;background_background&quot;:&quot;classic&quot;,&quot;jet_parallax_layout_list&quot;:[]}\">\n\t\t\t\t\t<div class=\"e-con-inner\">\n\t\t\t\t<div class=\"elementor-element elementor-element-1fa84a9 elementor-widget elementor-widget-elementskit-heading\" data-id=\"1fa84a9\" data-element_type=\"widget\" data-e-type=\"widget\" data-widget_type=\"elementskit-heading.default\">\n\t\t\t\t<div class=\"elementor-widget-container\">\n\t\t\t\t\t<div class=\"ekit-wid-con\" ><div class=\"ekit-heading elementskit-section-title-wraper text_center   ekit_heading_tablet-   ekit_heading_mobile-\"><h2 class=\"ekit-heading--title elementskit-section-title\">N\u00fctzlich <span><span>Fakten<\/span><\/span><\/h2><\/div><\/div>\t\t\t\t<\/div>\n\t\t\t\t<\/div>\n\t\t<div class=\"elementor-element elementor-element-faafad9 e-con-full e-grid special-grid e-con e-child\" data-id=\"faafad9\" data-element_type=\"container\" data-e-type=\"container\" data-settings=\"{&quot;jet_parallax_layout_list&quot;:[]}\">\n\t\t\t\t<div class=\"elementor-element elementor-element-3063d68 equal-height ekit-equal-height-disable elementor-widget elementor-widget-elementskit-icon-box\" data-id=\"3063d68\" data-element_type=\"widget\" data-e-type=\"widget\" data-widget_type=\"elementskit-icon-box.default\">\n\t\t\t\t<div class=\"elementor-widget-container\">\n\t\t\t\t\t<div class=\"ekit-wid-con\" >        <!-- link opening -->\n                <a href=\"#\" class=\"ekit_global_links\">\n                <!-- end link opening -->\n\n        <div class=\"elementskit-infobox text-left text-left icon-top-align elementor-animation-\">\n                    <div class=\"elementskit-box-header elementor-animation-\">\n                <div class=\"elementskit-info-box-icon\">\n                    <i aria-hidden=\"true\" class=\"elementkit-infobox-icon icon icon-flag\"><\/i>\n                <\/div>\n          <\/div>\n                        <div class=\"box-body\">\n                            <h4 class=\"elementskit-info-box-title\">\n                    Sprache                <\/h4>\n                        \t\t  \t<p>Albanisch ist eine indoeurop\u00e4ische Sprache, die in ihrem Zweig einzigartig ist. F\u00fcr Westeurop\u00e4er kann Albanisch eine Herausforderung sein. Gl\u00fccklicherweise sprechen die j\u00fcngeren Generationen oft ein gutes Englisch, aber \u00e4ltere Menschen, vor allem an der K\u00fcste, ziehen Italienisch anderen Sprachen vor. Deutsch ist weniger weit verbreitet.<\/p>\n                                <\/div>\n        \n        \n                <\/div>\n                <\/a>\n        <\/div>\t\t\t\t<\/div>\n\t\t\t\t<\/div>\n\t\t\t\t<div class=\"elementor-element elementor-element-7b450fc equal-height ekit-equal-height-disable elementor-widget elementor-widget-elementskit-icon-box\" data-id=\"7b450fc\" data-element_type=\"widget\" data-e-type=\"widget\" data-widget_type=\"elementskit-icon-box.default\">\n\t\t\t\t<div class=\"elementor-widget-container\">\n\t\t\t\t\t<div class=\"ekit-wid-con\" >        <!-- link opening -->\n                <a href=\"#\" class=\"ekit_global_links\">\n                <!-- end link opening -->\n\n        <div class=\"elementskit-infobox text-left text-left icon-top-align elementor-animation-\">\n                    <div class=\"elementskit-box-header elementor-animation-\">\n                <div class=\"elementskit-info-box-icon\">\n                    <i aria-hidden=\"true\" class=\"elementkit-infobox-icon icon icon-Profile\"><\/i>\n                <\/div>\n          <\/div>\n                        <div class=\"box-body\">\n                            <h4 class=\"elementskit-info-box-title\">\n                    Reisedokumente                <\/h4>\n                        \t\t  \t<p>F\u00fcr Westeurop\u00e4er ist kein Visum mehr erforderlich. Ein g\u00fcltiger Reisepass oder Personalausweis mit einer G\u00fcltigkeit von mindestens 3 Monaten ist ausreichend.<\/p>\n                                <\/div>\n        \n        \n                <\/div>\n                <\/a>\n        <\/div>\t\t\t\t<\/div>\n\t\t\t\t<\/div>\n\t\t\t\t<div class=\"elementor-element elementor-element-36e0c31 equal-height ekit-equal-height-disable elementor-widget elementor-widget-elementskit-icon-box\" data-id=\"36e0c31\" data-element_type=\"widget\" data-e-type=\"widget\" data-widget_type=\"elementskit-icon-box.default\">\n\t\t\t\t<div class=\"elementor-widget-container\">\n\t\t\t\t\t<div class=\"ekit-wid-con\" >        <!-- link opening -->\n                <!-- end link opening -->\n\n        <div class=\"elementskit-infobox text-left text-left icon-top-align elementor-animation-\">\n                    <div class=\"elementskit-box-header elementor-animation-\">\n                <div class=\"elementskit-info-box-icon\">\n                    <i aria-hidden=\"true\" class=\"elementkit-infobox-icon icon icon-Money\"><\/i>\n                <\/div>\n          <\/div>\n                        <div class=\"box-body\">\n                            <h4 class=\"elementskit-info-box-title\">\n                    Geldangelegenheiten                <\/h4>\n                        \t\t  \t<p>Die offizielle W\u00e4hrung Albaniens ist der Lek. Der Wechselkurs schwankt, bei <a href=\"https:\/\/www.wisselkoers.nl\/albanese_lek\" target=\"_blank\" rel=\"noopener\"> diese Website <\/a> k\u00f6nnen Sie den aktuellen Wechselkurs abfragen. Geldautomaten sind im ganzen Land verbreitet und bieten oft die Wahl zwischen Euro und Lek. Au\u00dferhalb der gro\u00dfen St\u00e4dte kann es schwieriger sein, Geldautomaten zu finden. Es ist n\u00fctzlich, sowohl Euro als auch Lek zur Hand zu haben. Kreditkarten wie Eurocard\/Mastercard, Visa, American Express und Diners werden in den gr\u00f6\u00dferen St\u00e4dten akzeptiert.<\/p>\n                                <\/div>\n        \n        \n                <\/div>\n        <\/div>\t\t\t\t<\/div>\n\t\t\t\t<\/div>\n\t\t\t\t<div class=\"elementor-element elementor-element-2d10ced equal-height ekit-equal-height-disable elementor-widget elementor-widget-elementskit-icon-box\" data-id=\"2d10ced\" data-element_type=\"widget\" data-e-type=\"widget\" data-widget_type=\"elementskit-icon-box.default\">\n\t\t\t\t<div class=\"elementor-widget-container\">\n\t\t\t\t\t<div class=\"ekit-wid-con\" >        <!-- link opening -->\n                <a href=\"#\" class=\"ekit_global_links\">\n                <!-- end link opening -->\n\n        <div class=\"elementskit-infobox text-left text-left icon-top-align elementor-animation-\">\n                    <div class=\"elementskit-box-header elementor-animation-\">\n                <div class=\"elementskit-info-box-icon\">\n                    <i aria-hidden=\"true\" class=\"elementkit-infobox-icon icon icon-save-money\"><\/i>\n                <\/div>\n          <\/div>\n                        <div class=\"box-body\">\n                            <h4 class=\"elementskit-info-box-title\">\n                    Preise                <\/h4>\n                        \t\t  \t<p>Das Preisniveau in Albanien ist deutlich niedriger als in den Niederlanden und Belgien. Obwohl Luxusg\u00fcter teuer sein k\u00f6nnen, ist ein durchschnittlicher Urlaub relativ g\u00fcnstig, was die t\u00e4glichen Ausgaben angeht. F\u00fcr etwa 8,00 bis 12,00 \u20ac, einschlie\u00dflich eines Getr\u00e4nks, kann man lecker essen gehen. Au\u00dferhalb der Hauptstadt sind die Preise im Allgemeinen viel niedriger.\n\n<\/p>\n                                <\/div>\n        \n        \n                <\/div>\n                <\/a>\n        <\/div>\t\t\t\t<\/div>\n\t\t\t\t<\/div>\n\t\t\t\t<div class=\"elementor-element elementor-element-0f7e195 equal-height ekit-equal-height-disable elementor-widget elementor-widget-elementskit-icon-box\" data-id=\"0f7e195\" data-element_type=\"widget\" data-e-type=\"widget\" data-widget_type=\"elementskit-icon-box.default\">\n\t\t\t\t<div class=\"elementor-widget-container\">\n\t\t\t\t\t<div class=\"ekit-wid-con\" >        <!-- link opening -->\n                <a href=\"#\" class=\"ekit_global_links\">\n                <!-- end link opening -->\n\n        <div class=\"elementskit-infobox text-left text-left icon-top-align elementor-animation-\">\n                    <div class=\"elementskit-box-header elementor-animation-\">\n                <div class=\"elementskit-info-box-icon\">\n                    <i aria-hidden=\"true\" class=\"elementkit-infobox-icon icon icon-medicine\"><\/i>\n                <\/div>\n          <\/div>\n                        <div class=\"box-body\">\n                            <h4 class=\"elementskit-info-box-title\">\n                    Gesundheit                <\/h4>\n                        \t\t  \t<p>F\u00fcr eine Reise nach Albanien sind keine besonderen Gesundheitsvorkehrungen erforderlich. Seien Sie vorsichtig, wenn Sie Leitungswasser trinken, und die Mitnahme eines Europ\u00e4ischen Medizinpasses kann f\u00fcr Personen, die Medikamente einnehmen, n\u00fctzlich sein.<\/p>\n                                <\/div>\n        \n        \n                <\/div>\n                <\/a>\n        <\/div>\t\t\t\t<\/div>\n\t\t\t\t<\/div>\n\t\t\t\t<div class=\"elementor-element elementor-element-4c5ef0d equal-height ekit-equal-height-disable elementor-widget elementor-widget-elementskit-icon-box\" data-id=\"4c5ef0d\" data-element_type=\"widget\" data-e-type=\"widget\" data-widget_type=\"elementskit-icon-box.default\">\n\t\t\t\t<div class=\"elementor-widget-container\">\n\t\t\t\t\t<div class=\"ekit-wid-con\" >        <!-- link opening -->\n                <a href=\"#\" class=\"ekit_global_links\">\n                <!-- end link opening -->\n\n        <div class=\"elementskit-infobox text-left text-left icon-top-align elementor-animation-\">\n                    <div class=\"elementskit-box-header elementor-animation-\">\n                <div class=\"elementskit-info-box-icon\">\n                    <i aria-hidden=\"true\" class=\"elementkit-infobox-icon icon icon-cutlery\"><\/i>\n                <\/div>\n          <\/div>\n                        <div class=\"box-body\">\n                            <h4 class=\"elementskit-info-box-title\">\n                    Essen und Trinken                <\/h4>\n                        \t\t  \t<p>Die albanische K\u00fcche bietet mediterrane Gerichte wie tave kosi (Fleisch mit Joghurt), paidhaq (Lammfleisch) und Qoft\u00eb (gegrilltes Fleisch). Auch Fisch ist k\u00f6stlich, ebenso wie Salate nach griechischer Art. Bakllava ist eine bekannte Nachspeise. Die K\u00fcche ist abwechslungsreich, und die Produkte werden biologisch angebaut und sind frisch. Es gibt mehrere hochwertige albanische Rotweine, vor allem aus den Regionen um Berat, Permet und Kalmet. Das Nationalgetr\u00e4nk ist Raki, eine Art Branntwein.<\/p>\n                                <\/div>\n        \n        \n                <\/div>\n                <\/a>\n        <\/div>\t\t\t\t<\/div>\n\t\t\t\t<\/div>\n\t\t\t\t<div class=\"elementor-element elementor-element-24e8e03 equal-height ekit-equal-height-disable elementor-widget elementor-widget-elementskit-icon-box\" data-id=\"24e8e03\" data-element_type=\"widget\" data-e-type=\"widget\" data-widget_type=\"elementskit-icon-box.default\">\n\t\t\t\t<div class=\"elementor-widget-container\">\n\t\t\t\t\t<div class=\"ekit-wid-con\" >        <!-- link opening -->\n                <a href=\"#\" class=\"ekit_global_links\">\n                <!-- end link opening -->\n\n        <div class=\"elementskit-infobox text-left text-left icon-top-align elementor-animation-\">\n                    <div class=\"elementskit-box-header elementor-animation-\">\n                <div class=\"elementskit-info-box-icon\">\n                    <i aria-hidden=\"true\" class=\"elementkit-infobox-icon fas fa-praying-hands\"><\/i>\n                <\/div>\n          <\/div>\n                        <div class=\"box-body\">\n                            <h4 class=\"elementskit-info-box-title\">\n                    Religion                <\/h4>\n                        \t\t  \t<p>Etwa 70% der Bev\u00f6lkerung sind Muslime, 20% sind orthodox (haupts\u00e4chlich im S\u00fcden) und 10% sind katholisch (im Norden und in den Bergen). Das in den 1960er Jahren eingef\u00fchrte Religionsverbot f\u00fchrte zu einer allgemeinen Gleichg\u00fcltigkeit gegen\u00fcber der Religion. Die verschiedenen Religionen koexistieren friedlich, da nur wenige ihren Glauben aktiv aus\u00fcben.\n\n<\/p>\n                                <\/div>\n        \n        \n                <\/div>\n                <\/a>\n        <\/div>\t\t\t\t<\/div>\n\t\t\t\t<\/div>\n\t\t\t\t<div class=\"elementor-element elementor-element-b5b323c equal-height ekit-equal-height-disable elementor-widget elementor-widget-elementskit-icon-box\" data-id=\"b5b323c\" data-element_type=\"widget\" data-e-type=\"widget\" data-widget_type=\"elementskit-icon-box.default\">\n\t\t\t\t<div class=\"elementor-widget-container\">\n\t\t\t\t\t<div class=\"ekit-wid-con\" >        <!-- link opening -->\n                <a href=\"#\" class=\"ekit_global_links\">\n                <!-- end link opening -->\n\n        <div class=\"elementskit-infobox text-left text-left icon-top-align elementor-animation-\">\n                    <div class=\"elementskit-box-header elementor-animation-\">\n                <div class=\"elementskit-info-box-icon\">\n                    <i aria-hidden=\"true\" class=\"elementkit-infobox-icon icon icon-car-1\"><\/i>\n                <\/div>\n          <\/div>\n                        <div class=\"box-body\">\n                            <h4 class=\"elementskit-info-box-title\">\n                    Verkehr und Transport                <\/h4>\n                        \t\t  \t<p>Bis in die fr\u00fchen 1990er Jahre war der Besitz von Privatfahrzeugen praktisch unbekannt, aber jetzt scheint jeder Albaner ein Auto zu besitzen, vorzugsweise einen Mercedes wegen seiner guten Sto\u00dfd\u00e4mpfer. Dies hat Tirana zu einer tags\u00fcber sehr belebten Stadt gemacht, weshalb man beim \u00dcberqueren der Stra\u00dfen vorsichtig sein sollte. Die inl\u00e4ndische Infrastruktur ist von unterschiedlicher Qualit\u00e4t, die Stra\u00dfen sind teilweise schlecht, aber es werden Verbesserungen vorgenommen, unter anderem durch den Bau von Autobahnen. Die \u00f6ffentlichen Verkehrsmittel sind haupts\u00e4chlich Busse (billig) und Minibusse (etwas teurer) mit ausgezeichneten Verbindungen zwischen den St\u00e4dten. Taxidienste sind sowohl in den St\u00e4dten als auch au\u00dferhalb erschwinglich.\n\n<\/p>\n                                <\/div>\n        \n        \n                <\/div>\n                <\/a>\n        <\/div>\t\t\t\t<\/div>\n\t\t\t\t<\/div>\n\t\t\t\t<div class=\"elementor-element elementor-element-d897bd4 equal-height ekit-equal-height-disable elementor-widget elementor-widget-elementskit-icon-box\" data-id=\"d897bd4\" data-element_type=\"widget\" data-e-type=\"widget\" data-widget_type=\"elementskit-icon-box.default\">\n\t\t\t\t<div class=\"elementor-widget-container\">\n\t\t\t\t\t<div class=\"ekit-wid-con\" >        <!-- link opening -->\n                <a href=\"#\" class=\"ekit_global_links\">\n                <!-- end link opening -->\n\n        <div class=\"elementskit-infobox text-left text-left icon-top-align elementor-animation-\">\n                    <div class=\"elementskit-box-header elementor-animation-\">\n                <div class=\"elementskit-info-box-icon\">\n                    <i aria-hidden=\"true\" class=\"elementkit-infobox-icon icon icon-car-1\"><\/i>\n                <\/div>\n          <\/div>\n                        <div class=\"box-body\">\n                            <h4 class=\"elementskit-info-box-title\">\n                    Andere                <\/h4>\n                        \t\t  \t<p>Es gibt keinen Zeitunterschied zwischen den Niederlanden und Albanien. Albanien ist im Allgemeinen ein sicheres Reiseland, aber wie \u00fcberall sollten Sie auf Ihr Hab und Gut achten. Einige gute Reisef\u00fchrer f\u00fcr Albanien sind \"Travellers Albania\" von Thomas Cook (2009), \"Albania\" von Hans van de Veen (KIT, 2008), \"Albania and the Albanians\" von Edith Durham (2001) und \"The Dark Year\" von Ismael Kadare (2002). F\u00fcr weitere Informationen k\u00f6nnen Sie auch Tripadvisor f\u00fcr Urlaub in Albanien besuchen.<\/p>\n                                <\/div>\n        \n        \n                <\/div>\n                <\/a>\n        <\/div>\t\t\t\t<\/div>\n\t\t\t\t<\/div>\n\t\t\t\t<\/div>\n\t\t\t\t\t<\/div>\n\t\t\t\t<\/div>\n\t\t\t\t<\/div>","protected":false},"excerpt":{"rendered":"<p>\u00dcber Albanien Albanien ist ein Land am Mittelmeer, das zwischen Montenegro im Norden, Griechenland im S\u00fcden, dem Kosovo und Mazedonien im Osten liegt und im Westen einen schmalen, bis zu 60 km breiten K\u00fcstenstreifen aufweist. W\u00e4hrend der jahrzehntelangen kommunistischen Herrschaft war Albanien von der Au\u00dfenwelt isoliert, aber die...<\/p>","protected":false},"author":1,"featured_media":0,"parent":0,"menu_order":0,"comment_status":"closed","ping_status":"closed","template":"","meta":{"footnotes":""},"class_list":["post-346","page","type-page","status-publish","hentry"],"_links":{"self":[{"href":"https:\/\/authenticalbaniatravels.com\/de\/wp-json\/wp\/v2\/pages\/346","targetHints":{"allow":["GET"]}}],"collection":[{"href":"https:\/\/authenticalbaniatravels.com\/de\/wp-json\/wp\/v2\/pages"}],"about":[{"href":"https:\/\/authenticalbaniatravels.com\/de\/wp-json\/wp\/v2\/types\/page"}],"author":[{"embeddable":true,"href":"https:\/\/authenticalbaniatravels.com\/de\/wp-json\/wp\/v2\/users\/1"}],"replies":[{"embeddable":true,"href":"https:\/\/authenticalbaniatravels.com\/de\/wp-json\/wp\/v2\/comments?post=346"}],"version-history":[{"count":57,"href":"https:\/\/authenticalbaniatravels.com\/de\/wp-json\/wp\/v2\/pages\/346\/revisions"}],"predecessor-version":[{"id":761,"href":"https:\/\/authenticalbaniatravels.com\/de\/wp-json\/wp\/v2\/pages\/346\/revisions\/761"}],"wp:attachment":[{"href":"https:\/\/authenticalbaniatravels.com\/de\/wp-json\/wp\/v2\/media?parent=346"}],"curies":[{"name":"wp","href":"https:\/\/api.w.org\/{rel}","templated":true}]}}