{"id":332,"date":"2024-07-26T13:47:25","date_gmt":"2024-07-26T11:47:25","guid":{"rendered":"https:\/\/travels.043test.nl\/?page_id=332"},"modified":"2024-11-13T14:38:48","modified_gmt":"2024-11-13T13:38:48","slug":"qui-nous-sommes","status":"publish","type":"page","link":"https:\/\/authenticalbaniatravels.com\/fr\/wie-zijn-wij\/","title":{"rendered":"Qui sommes-nous ?"},"content":{"rendered":"<div data-elementor-type=\"wp-page\" data-elementor-id=\"332\" class=\"elementor elementor-332\" data-elementor-post-type=\"page\">\n\t\t\t\t<div class=\"elementor-element elementor-element-e783f8e e-flex e-con-boxed e-con e-parent\" data-id=\"e783f8e\" data-element_type=\"container\" data-e-type=\"container\" data-settings=\"{&quot;background_background&quot;:&quot;classic&quot;,&quot;jet_parallax_layout_list&quot;:[]}\">\n\t\t\t\t\t<div class=\"e-con-inner\">\n\t\t\t\t<div class=\"elementor-element elementor-element-d775855 elementor-widget elementor-widget-heading\" data-id=\"d775855\" data-element_type=\"widget\" data-e-type=\"widget\" data-widget_type=\"heading.default\">\n\t\t\t\t<div class=\"elementor-widget-container\">\n\t\t\t\t\t<h2 class=\"elementor-heading-title elementor-size-default\">Qui sommes-nous ?<\/h2>\t\t\t\t<\/div>\n\t\t\t\t<\/div>\n\t\t\t\t\t<\/div>\n\t\t\t\t<\/div>\n\t\t<div class=\"elementor-element elementor-element-f12d435 e-flex e-con-boxed e-con e-parent\" data-id=\"f12d435\" data-element_type=\"container\" data-e-type=\"container\" data-settings=\"{&quot;background_background&quot;:&quot;classic&quot;,&quot;jet_parallax_layout_list&quot;:[]}\">\n\t\t\t\t\t<div class=\"e-con-inner\">\n\t\t<div class=\"elementor-element elementor-element-561e907 e-con-full e-flex e-con e-child\" data-id=\"561e907\" data-element_type=\"container\" data-e-type=\"container\" data-settings=\"{&quot;background_background&quot;:&quot;classic&quot;,&quot;jet_parallax_layout_list&quot;:[]}\">\n\t\t\t\t<div class=\"elementor-element elementor-element-2e6f2f1 elementor-widget elementor-widget-image\" data-id=\"2e6f2f1\" data-element_type=\"widget\" data-e-type=\"widget\" data-widget_type=\"image.default\">\n\t\t\t\t<div class=\"elementor-widget-container\">\n\t\t\t\t\t\t\t\t\t\t\t\t\t\t\t<img fetchpriority=\"high\" decoding=\"async\" width=\"1328\" height=\"2000\" src=\"https:\/\/authenticalbaniatravels.com\/wp-content\/uploads\/2024\/11\/CIMG3063-copy.jpg\" class=\"attachment-full size-full wp-image-751\" alt=\"\" srcset=\"https:\/\/authenticalbaniatravels.com\/wp-content\/uploads\/2024\/11\/CIMG3063-copy.jpg 1328w, https:\/\/authenticalbaniatravels.com\/wp-content\/uploads\/2024\/11\/CIMG3063-copy-199x300.jpg 199w, https:\/\/authenticalbaniatravels.com\/wp-content\/uploads\/2024\/11\/CIMG3063-copy-680x1024.jpg 680w, https:\/\/authenticalbaniatravels.com\/wp-content\/uploads\/2024\/11\/CIMG3063-copy-768x1157.jpg 768w, https:\/\/authenticalbaniatravels.com\/wp-content\/uploads\/2024\/11\/CIMG3063-copy-1020x1536.jpg 1020w\" sizes=\"(max-width: 1328px) 100vw, 1328px\" title=\"\">\t\t\t\t\t\t\t\t\t\t\t\t\t\t\t<\/div>\n\t\t\t\t<\/div>\n\t\t\t\t<div class=\"elementor-element elementor-element-0512b0d elementor-widget elementor-widget-heading\" data-id=\"0512b0d\" data-element_type=\"widget\" data-e-type=\"widget\" data-widget_type=\"heading.default\">\n\t\t\t\t<div class=\"elementor-widget-container\">\n\t\t\t\t\t<h2 class=\"elementor-heading-title elementor-size-default\">Ersi La\u00e7ej<\/h2>\t\t\t\t<\/div>\n\t\t\t\t<\/div>\n\t\t\t\t<\/div>\n\t\t<div class=\"elementor-element elementor-element-a89645a e-con-full e-flex e-con e-child\" data-id=\"a89645a\" data-element_type=\"container\" data-e-type=\"container\" data-settings=\"{&quot;jet_parallax_layout_list&quot;:[]}\">\n\t\t\t\t<div class=\"elementor-element elementor-element-74ed3bd elementor-widget elementor-widget-elementskit-heading\" data-id=\"74ed3bd\" data-element_type=\"widget\" data-e-type=\"widget\" data-widget_type=\"elementskit-heading.default\">\n\t\t\t\t<div class=\"elementor-widget-container\">\n\t\t\t\t\t<div class=\"ekit-wid-con\" ><div class=\"ekit-heading elementskit-section-title-wraper text_left   ekit_heading_tablet-text_center   ekit_heading_mobile-\"><h2 class=\"ekit-heading--title elementskit-section-title\">Nous sommes <span><span>Voyage en Albanie authentique<\/span><\/span><\/h2>\t\t\t\t<div class='ekit-heading__description'>\n\t\t\t\t\t<p><strong>Voyage en Albanie authentique<\/strong>\u00a0est un tour op\u00e9rateur \u00e9tabli \u00e0 Maastricht, qui se consacre \u00e0 la planification et \u00e0 l'ex\u00e9cution efficaces de voyages individuels et de groupes dans les r\u00e9gions les plus fascinantes de l'Albanie, ainsi que dans les pays voisins du Mont\u00e9n\u00e9gro, du Kosovo, de la Mac\u00e9doine et de la Gr\u00e8ce (du nord).<\/p>\n<p>Nous nous sommes sp\u00e9cialis\u00e9s dans l'organisation d'excursions de plusieurs jours en (mini)bus, accompagn\u00e9es par des guides locaux parlant couramment l'allemand ou l'anglais. Nos guides et le fondateur de\u00a0<strong>Voyage en Albanie authentique<\/strong>\u00a0ont une connaissance et une exp\u00e9rience approfondies de ce pays encore relativement peu d\u00e9couvert et de sa riche histoire. Nos circuits diversifi\u00e9s comprennent des visites des villes les plus historiques et les plus importantes sur le plan culturel, et nous nous sommes efforc\u00e9s de cr\u00e9er un m\u00e9lange harmonieux d'exploration urbaine et d'exp\u00e9rience de la beaut\u00e9 naturelle immacul\u00e9e que le pays a \u00e0 offrir.<\/p>\n\t\t\t\t<\/div>\n\t\t\t<\/div><\/div>\t\t\t\t<\/div>\n\t\t\t\t<\/div>\n\t\t\t\t<div class=\"elementor-element elementor-element-7e92ba7 elementor-widget-divider--view-line elementor-widget elementor-widget-divider\" data-id=\"7e92ba7\" data-element_type=\"widget\" data-e-type=\"widget\" data-widget_type=\"divider.default\">\n\t\t\t\t<div class=\"elementor-widget-container\">\n\t\t\t\t\t\t\t<div class=\"elementor-divider\">\n\t\t\t<span class=\"elementor-divider-separator\">\n\t\t\t\t\t\t<\/span>\n\t\t<\/div>\n\t\t\t\t\t\t<\/div>\n\t\t\t\t<\/div>\n\t\t\t\t<\/div>\n\t\t\t\t\t<\/div>\n\t\t\t\t<\/div>\n\t\t<div class=\"elementor-element elementor-element-bda3979 e-flex e-con-boxed e-con e-parent\" data-id=\"bda3979\" data-element_type=\"container\" data-e-type=\"container\" data-settings=\"{&quot;background_background&quot;:&quot;classic&quot;,&quot;jet_parallax_layout_list&quot;:[]}\">\n\t\t\t\t\t<div class=\"e-con-inner\">\n\t\t\t\t<div class=\"elementor-element elementor-element-2e271b3 elementor-widget elementor-widget-heading\" data-id=\"2e271b3\" data-element_type=\"widget\" data-e-type=\"widget\" data-widget_type=\"heading.default\">\n\t\t\t\t<div class=\"elementor-widget-container\">\n\t\t\t\t\t<h2 class=\"elementor-heading-title elementor-size-default\">Ce que nous faisons<\/h2>\t\t\t\t<\/div>\n\t\t\t\t<\/div>\n\t\t<div class=\"elementor-element elementor-element-afc1658 e-con-full e-flex e-con e-child\" data-id=\"afc1658\" data-element_type=\"container\" data-e-type=\"container\" data-settings=\"{&quot;jet_parallax_layout_list&quot;:[]}\">\n\t\t<div class=\"elementor-element elementor-element-c01ac05 e-con-full e-flex e-con e-child\" data-id=\"c01ac05\" data-element_type=\"container\" data-e-type=\"container\" data-settings=\"{&quot;jet_parallax_layout_list&quot;:[]}\">\n\t\t\t\t<div class=\"elementor-element elementor-element-30cea5e elementor-widget elementor-widget-text-editor\" data-id=\"30cea5e\" data-element_type=\"widget\" data-e-type=\"widget\" data-widget_type=\"text-editor.default\">\n\t\t\t\t<div class=\"elementor-widget-container\">\n\t\t\t\t\t\t\t\t\t<p>Nous sommes sp\u00e9cialis\u00e9s dans l'organisation d'excursions de plusieurs jours en (mini)bus, accompagn\u00e9es par des guides locaux parlant couramment l'allemand ou l'anglais. Ces guides, tout comme le fondateur d'Authentic Albania Travel, ont une connaissance et une exp\u00e9rience approfondies de ce pays encore relativement m\u00e9connu et de sa riche histoire. Nos circuits diversifi\u00e9s comprennent des visites dans les villes les plus historiques et les plus importantes sur le plan culturel, o\u00f9 nous nous sommes efforc\u00e9s de combiner harmonieusement l'exploration urbaine et l'exp\u00e9rience de la beaut\u00e9 naturelle intacte que le pays a \u00e0 offrir.<\/p><p>Au cours de votre visite \u00e0 \"Shqiperia\", qui signifie \"le pays de l'aigle\", vous aurez l'occasion de d\u00e9couvrir la nature amicale et l'hospitalit\u00e9 chaleureuse de la population locale. Vous aurez l'occasion de d\u00e9couvrir par vous-m\u00eame l'hospitalit\u00e9 et l'ouverture d'esprit des Albanais.<\/p><p>Les habitants de ce magnifique pays, longtemps isol\u00e9s du monde ext\u00e9rieur, semblent d\u00e9termin\u00e9s \u00e0 rattraper leur retard et saisiront toutes les occasions d'engager la conversation, y compris avec vous.<\/p>\t\t\t\t\t\t\t\t<\/div>\n\t\t\t\t<\/div>\n\t\t\t\t<\/div>\n\t\t<div class=\"elementor-element elementor-element-1e74407 e-con-full e-flex e-con e-child\" data-id=\"1e74407\" data-element_type=\"container\" data-e-type=\"container\" data-settings=\"{&quot;jet_parallax_layout_list&quot;:[]}\">\n\t\t\t\t<div class=\"elementor-element elementor-element-3ec56fe elementor-widget elementor-widget-text-editor\" data-id=\"3ec56fe\" data-element_type=\"widget\" data-e-type=\"widget\" data-widget_type=\"text-editor.default\">\n\t\t\t\t<div class=\"elementor-widget-container\">\n\t\t\t\t\t\t\t\t\t<p>Pendant le voyage, en plus des excursions communes, vous aurez bien s\u00fbr beaucoup de place pour votre propre interpr\u00e9tation.<\/p><p>L'Albanie est une destination de vacances relativement peu connue en Europe. En raison d'ann\u00e9es d'isolement, il existe encore quelques id\u00e9es re\u00e7ues erron\u00e9es sur ce pays et ses habitants. N\u00e9anmoins, des milliers de vacanciers d\u00e9couvrent chaque ann\u00e9e la beaut\u00e9 de ce pays fascinant. Ils apprennent \u00e0 conna\u00eetre l'authenticit\u00e9 que l'Albanie a \u00e0 offrir. Un aspect important est par exemple l'absence de pesticides, ce qui signifie que les produits de l'agriculture et de l'\u00e9levage ne sont pas pulv\u00e9ris\u00e9s et constituent la base d'une cuisine exceptionnellement savoureuse.<\/p><p>Depuis la fin de la p\u00e9riode communiste, l'Albanie a laiss\u00e9 l'isolationnisme derri\u00e8re elle et s'efforce de prendre sa place dans l'Europe moderne. Un exemple frappant est la capitale Tirana, qui s'est rapidement transform\u00e9e en une m\u00e9tropole dynamique et anim\u00e9e.<\/p>\t\t\t\t\t\t\t\t<\/div>\n\t\t\t\t<\/div>\n\t\t\t\t<\/div>\n\t\t\t\t<\/div>\n\t\t\t\t\t<\/div>\n\t\t\t\t<\/div>\n\t\t<div class=\"elementor-element elementor-element-2bccd2b e-flex e-con-boxed e-con e-parent\" data-id=\"2bccd2b\" data-element_type=\"container\" data-e-type=\"container\" data-settings=\"{&quot;background_background&quot;:&quot;classic&quot;,&quot;jet_parallax_layout_list&quot;:[]}\">\n\t\t\t\t\t<div class=\"e-con-inner\">\n\t\t\t\t<div class=\"elementor-element elementor-element-4264f59 elementor-widget elementor-widget-heading\" data-id=\"4264f59\" data-element_type=\"widget\" data-e-type=\"widget\" data-widget_type=\"heading.default\">\n\t\t\t\t<div class=\"elementor-widget-container\">\n\t\t\t\t\t<h2 class=\"elementor-heading-title elementor-size-default\">Impression<\/h2>\t\t\t\t<\/div>\n\t\t\t\t<\/div>\n\t\t<div class=\"elementor-element elementor-element-80ef004 e-con-full e-grid e-con e-child\" data-id=\"80ef004\" data-element_type=\"container\" data-e-type=\"container\" data-settings=\"{&quot;jet_parallax_layout_list&quot;:[]}\">\n\t\t\t\t<div class=\"elementor-element elementor-element-d07270a elementor-widget elementor-widget-prim_basic_team\" data-id=\"d07270a\" data-element_type=\"widget\" data-e-type=\"widget\" data-settings=\"{&quot;team_image&quot;:{&quot;url&quot;:&quot;https:\\\/\\\/authenticalbaniatravels.com\\\/wp-content\\\/uploads\\\/2024\\\/07\\\/shutterstock_679796299.jpeg&quot;,&quot;id&quot;:285,&quot;size&quot;:&quot;&quot;,&quot;alt&quot;:&quot;&quot;,&quot;source&quot;:&quot;library&quot;}}\" data-widget_type=\"prim_basic_team.default\">\n\t\t\t\t<div class=\"elementor-widget-container\">\n\t\t\t\t\t\t\t<div class=\"napae-team\">\n\t\t\t\t\t<div class=\"napae-mate-item\">\n\t\t\t\t\t\t\t\t\t<div class=\"napae-image\">\n\t\t\t\t\t\t\t\t\t\t\t\t\t<img decoding=\"async\" src=\"https:\/\/authenticalbaniatravels.com\/wp-content\/uploads\/2024\/07\/shutterstock_679796299.jpeg\" alt=\"Tirana\" title=\"\">\n\t\t\t\t\t\t\t\t\t\t\t<\/div>\n\t\t\t\t\t      <div class=\"napae-mate-info\">\n\t        <h4 class=\"napae-mate-name\">Tirana<\/h4>\t        <div class=\"napae-social\">\n            <ul>\n            \t            <\/ul>\n          <\/div>\n\t      <\/div>\n\t    <\/div>\n\t      <\/div>\n\t\t\t\t\t\t<\/div>\n\t\t\t\t<\/div>\n\t\t\t\t<div class=\"elementor-element elementor-element-b83ebec elementor-widget elementor-widget-prim_basic_team\" data-id=\"b83ebec\" data-element_type=\"widget\" data-e-type=\"widget\" data-settings=\"{&quot;team_image&quot;:{&quot;url&quot;:&quot;https:\\\/\\\/authenticalbaniatravels.com\\\/wp-content\\\/uploads\\\/2024\\\/07\\\/Day-4-Large.jpeg&quot;,&quot;id&quot;:256,&quot;size&quot;:&quot;&quot;,&quot;alt&quot;:&quot;&quot;,&quot;source&quot;:&quot;library&quot;}}\" data-widget_type=\"prim_basic_team.default\">\n\t\t\t\t<div class=\"elementor-widget-container\">\n\t\t\t\t\t\t\t<div class=\"napae-team\">\n\t\t\t\t\t<div class=\"napae-mate-item\">\n\t\t\t\t\t\t\t\t\t<div class=\"napae-image\">\n\t\t\t\t\t\t\t\t\t\t\t\t\t<img decoding=\"async\" src=\"https:\/\/authenticalbaniatravels.com\/wp-content\/uploads\/2024\/07\/Day-4-Large.jpeg\" alt=\"Budva\" title=\"\">\n\t\t\t\t\t\t\t\t\t\t\t<\/div>\n\t\t\t\t\t      <div class=\"napae-mate-info\">\n\t        <h4 class=\"napae-mate-name\">Budva<\/h4>\t        <div class=\"napae-social\">\n            <ul>\n            \t            <\/ul>\n          <\/div>\n\t      <\/div>\n\t    <\/div>\n\t      <\/div>\n\t\t\t\t\t\t<\/div>\n\t\t\t\t<\/div>\n\t\t\t\t<div class=\"elementor-element elementor-element-45e40a0 elementor-widget elementor-widget-prim_basic_team\" data-id=\"45e40a0\" data-element_type=\"widget\" data-e-type=\"widget\" data-settings=\"{&quot;team_image&quot;:{&quot;url&quot;:&quot;https:\\\/\\\/authenticalbaniatravels.com\\\/wp-content\\\/uploads\\\/2024\\\/07\\\/Day-7-Large.jpeg&quot;,&quot;id&quot;:260,&quot;size&quot;:&quot;&quot;,&quot;alt&quot;:&quot;&quot;,&quot;source&quot;:&quot;library&quot;}}\" data-widget_type=\"prim_basic_team.default\">\n\t\t\t\t<div class=\"elementor-widget-container\">\n\t\t\t\t\t\t\t<div class=\"napae-team\">\n\t\t\t\t\t<div class=\"napae-mate-item\">\n\t\t\t\t\t\t\t\t\t<div class=\"napae-image\">\n\t\t\t\t\t\t\t\t\t\t\t\t\t<img decoding=\"async\" src=\"https:\/\/authenticalbaniatravels.com\/wp-content\/uploads\/2024\/07\/Day-7-Large.jpeg\" alt=\"Shkoder\" title=\"\">\n\t\t\t\t\t\t\t\t\t\t\t<\/div>\n\t\t\t\t\t      <div class=\"napae-mate-info\">\n\t        <h4 class=\"napae-mate-name\">Shkoder<\/h4>\t        <div class=\"napae-social\">\n            <ul>\n            \t            <\/ul>\n          <\/div>\n\t      <\/div>\n\t    <\/div>\n\t      <\/div>\n\t\t\t\t\t\t<\/div>\n\t\t\t\t<\/div>\n\t\t\t\t<div class=\"elementor-element elementor-element-cbc9292 elementor-widget elementor-widget-prim_basic_team\" data-id=\"cbc9292\" data-element_type=\"widget\" data-e-type=\"widget\" data-settings=\"{&quot;team_image&quot;:{&quot;url&quot;:&quot;https:\\\/\\\/authenticalbaniatravels.com\\\/wp-content\\\/uploads\\\/2024\\\/07\\\/Day-9-Large.jpeg&quot;,&quot;id&quot;:263,&quot;size&quot;:&quot;&quot;,&quot;alt&quot;:&quot;&quot;,&quot;source&quot;:&quot;library&quot;}}\" data-widget_type=\"prim_basic_team.default\">\n\t\t\t\t<div class=\"elementor-widget-container\">\n\t\t\t\t\t\t\t<div class=\"napae-team\">\n\t\t\t\t\t<div class=\"napae-mate-item\">\n\t\t\t\t\t\t\t\t\t<div class=\"napae-image\">\n\t\t\t\t\t\t\t\t\t\t\t\t\t<img decoding=\"async\" src=\"https:\/\/authenticalbaniatravels.com\/wp-content\/uploads\/2024\/07\/Day-9-Large.jpeg\" alt=\"Kruja\" title=\"\">\n\t\t\t\t\t\t\t\t\t\t\t<\/div>\n\t\t\t\t\t      <div class=\"napae-mate-info\">\n\t        <h4 class=\"napae-mate-name\">Kruja<\/h4>\t        <div class=\"napae-social\">\n            <ul>\n            \t            <\/ul>\n          <\/div>\n\t      <\/div>\n\t    <\/div>\n\t      <\/div>\n\t\t\t\t\t\t<\/div>\n\t\t\t\t<\/div>\n\t\t\t\t<\/div>\n\t\t<div class=\"elementor-element elementor-element-6d2cd56 e-con-full e-flex e-con e-child\" data-id=\"6d2cd56\" data-element_type=\"container\" data-e-type=\"container\" data-settings=\"{&quot;jet_parallax_layout_list&quot;:[]}\">\n\t\t\t\t<div class=\"elementor-element elementor-element-4e2c07a elementor-widget elementor-widget-gallery\" data-id=\"4e2c07a\" data-element_type=\"widget\" data-e-type=\"widget\" data-settings=\"{&quot;gallery_layout&quot;:&quot;masonry&quot;,&quot;columns&quot;:3,&quot;lazyload&quot;:&quot;yes&quot;,&quot;columns_tablet&quot;:2,&quot;columns_mobile&quot;:1,&quot;gap&quot;:{&quot;unit&quot;:&quot;px&quot;,&quot;size&quot;:10,&quot;sizes&quot;:[]},&quot;gap_tablet&quot;:{&quot;unit&quot;:&quot;px&quot;,&quot;size&quot;:10,&quot;sizes&quot;:[]},&quot;gap_mobile&quot;:{&quot;unit&quot;:&quot;px&quot;,&quot;size&quot;:10,&quot;sizes&quot;:[]},&quot;link_to&quot;:&quot;file&quot;,&quot;overlay_background&quot;:&quot;yes&quot;,&quot;content_hover_animation&quot;:&quot;fade-in&quot;}\" data-widget_type=\"gallery.default\">\n\t\t\t\t<div class=\"elementor-widget-container\">\n\t\t\t\t\t\t\t<div class=\"elementor-gallery__container\">\n\t\t\t\t\t\t\t<a class=\"e-gallery-item elementor-gallery-item elementor-animated-content\" href=\"https:\/\/authenticalbaniatravels.com\/wp-content\/uploads\/2024\/11\/CIMG3260-Large.jpeg\" data-elementor-open-lightbox=\"yes\" data-elementor-lightbox-slideshow=\"4e2c07a\" data-elementor-lightbox-title=\"CIMG3260 Large\" data-e-action-hash=\"#elementor-action%3Aaction%3Dlightbox%26settings%3DeyJpZCI6Nzg3LCJ1cmwiOiJodHRwczpcL1wvYXV0aGVudGljYWxiYW5pYXRyYXZlbHMuY29tXC93cC1jb250ZW50XC91cGxvYWRzXC8yMDI0XC8xMVwvQ0lNRzMyNjAtTGFyZ2UuanBlZyIsInNsaWRlc2hvdyI6IjRlMmMwN2EifQ%3D%3D\">\n\t\t\t\t\t<div class=\"e-gallery-image elementor-gallery-item__image\" data-thumbnail=\"https:\/\/authenticalbaniatravels.com\/wp-content\/uploads\/2024\/11\/CIMG3260-Large.jpeg\" data-width=\"850\" data-height=\"1280\" aria-label=\"\" role=\"img\" ><\/div>\n\t\t\t\t\t\t\t\t\t\t\t<div class=\"elementor-gallery-item__overlay\"><\/div>\n\t\t\t\t\t\t\t\t\t\t\t\t\t\t<\/a>\n\t\t\t\t\t\t\t<a class=\"e-gallery-item elementor-gallery-item elementor-animated-content\" href=\"https:\/\/authenticalbaniatravels.com\/wp-content\/uploads\/2024\/11\/CIMG3261-Large.jpeg\" data-elementor-open-lightbox=\"yes\" data-elementor-lightbox-slideshow=\"4e2c07a\" data-elementor-lightbox-title=\"CIMG3261 Large\" data-e-action-hash=\"#elementor-action%3Aaction%3Dlightbox%26settings%3DeyJpZCI6Nzg4LCJ1cmwiOiJodHRwczpcL1wvYXV0aGVudGljYWxiYW5pYXRyYXZlbHMuY29tXC93cC1jb250ZW50XC91cGxvYWRzXC8yMDI0XC8xMVwvQ0lNRzMyNjEtTGFyZ2UuanBlZyIsInNsaWRlc2hvdyI6IjRlMmMwN2EifQ%3D%3D\">\n\t\t\t\t\t<div class=\"e-gallery-image elementor-gallery-item__image\" data-thumbnail=\"https:\/\/authenticalbaniatravels.com\/wp-content\/uploads\/2024\/11\/CIMG3261-Large.jpeg\" data-width=\"1280\" data-height=\"850\" aria-label=\"\" role=\"img\" ><\/div>\n\t\t\t\t\t\t\t\t\t\t\t<div class=\"elementor-gallery-item__overlay\"><\/div>\n\t\t\t\t\t\t\t\t\t\t\t\t\t\t<\/a>\n\t\t\t\t\t\t\t<a class=\"e-gallery-item elementor-gallery-item elementor-animated-content\" href=\"https:\/\/authenticalbaniatravels.com\/wp-content\/uploads\/2024\/11\/CIMG3267-Large.jpeg\" data-elementor-open-lightbox=\"yes\" data-elementor-lightbox-slideshow=\"4e2c07a\" data-elementor-lightbox-title=\"CIMG3267 Large\" data-e-action-hash=\"#elementor-action%3Aaction%3Dlightbox%26settings%3DeyJpZCI6Nzg5LCJ1cmwiOiJodHRwczpcL1wvYXV0aGVudGljYWxiYW5pYXRyYXZlbHMuY29tXC93cC1jb250ZW50XC91cGxvYWRzXC8yMDI0XC8xMVwvQ0lNRzMyNjctTGFyZ2UuanBlZyIsInNsaWRlc2hvdyI6IjRlMmMwN2EifQ%3D%3D\">\n\t\t\t\t\t<div class=\"e-gallery-image elementor-gallery-item__image\" data-thumbnail=\"https:\/\/authenticalbaniatravels.com\/wp-content\/uploads\/2024\/11\/CIMG3267-Large.jpeg\" data-width=\"1280\" data-height=\"850\" aria-label=\"\" role=\"img\" ><\/div>\n\t\t\t\t\t\t\t\t\t\t\t<div class=\"elementor-gallery-item__overlay\"><\/div>\n\t\t\t\t\t\t\t\t\t\t\t\t\t\t<\/a>\n\t\t\t\t\t\t\t<a class=\"e-gallery-item elementor-gallery-item elementor-animated-content\" href=\"https:\/\/authenticalbaniatravels.com\/wp-content\/uploads\/2024\/11\/CIMG3272-Large.jpeg\" data-elementor-open-lightbox=\"yes\" data-elementor-lightbox-slideshow=\"4e2c07a\" data-elementor-lightbox-title=\"CIMG3272 Large\" data-e-action-hash=\"#elementor-action%3Aaction%3Dlightbox%26settings%3DeyJpZCI6NzkwLCJ1cmwiOiJodHRwczpcL1wvYXV0aGVudGljYWxiYW5pYXRyYXZlbHMuY29tXC93cC1jb250ZW50XC91cGxvYWRzXC8yMDI0XC8xMVwvQ0lNRzMyNzItTGFyZ2UuanBlZyIsInNsaWRlc2hvdyI6IjRlMmMwN2EifQ%3D%3D\">\n\t\t\t\t\t<div class=\"e-gallery-image elementor-gallery-item__image\" data-thumbnail=\"https:\/\/authenticalbaniatravels.com\/wp-content\/uploads\/2024\/11\/CIMG3272-Large.jpeg\" data-width=\"1280\" data-height=\"850\" aria-label=\"\" role=\"img\" ><\/div>\n\t\t\t\t\t\t\t\t\t\t\t<div class=\"elementor-gallery-item__overlay\"><\/div>\n\t\t\t\t\t\t\t\t\t\t\t\t\t\t<\/a>\n\t\t\t\t\t\t\t<a class=\"e-gallery-item elementor-gallery-item elementor-animated-content\" href=\"https:\/\/authenticalbaniatravels.com\/wp-content\/uploads\/2024\/11\/CIMG3291-Large.jpeg\" data-elementor-open-lightbox=\"yes\" data-elementor-lightbox-slideshow=\"4e2c07a\" data-elementor-lightbox-title=\"CIMG3291 Large\" data-e-action-hash=\"#elementor-action%3Aaction%3Dlightbox%26settings%3DeyJpZCI6NzkxLCJ1cmwiOiJodHRwczpcL1wvYXV0aGVudGljYWxiYW5pYXRyYXZlbHMuY29tXC93cC1jb250ZW50XC91cGxvYWRzXC8yMDI0XC8xMVwvQ0lNRzMyOTEtTGFyZ2UuanBlZyIsInNsaWRlc2hvdyI6IjRlMmMwN2EifQ%3D%3D\">\n\t\t\t\t\t<div class=\"e-gallery-image elementor-gallery-item__image\" data-thumbnail=\"https:\/\/authenticalbaniatravels.com\/wp-content\/uploads\/2024\/11\/CIMG3291-Large.jpeg\" data-width=\"1280\" data-height=\"850\" aria-label=\"\" role=\"img\" ><\/div>\n\t\t\t\t\t\t\t\t\t\t\t<div class=\"elementor-gallery-item__overlay\"><\/div>\n\t\t\t\t\t\t\t\t\t\t\t\t\t\t<\/a>\n\t\t\t\t\t<\/div>\n\t\t\t\t\t<\/div>\n\t\t\t\t<\/div>\n\t\t\t\t<\/div>\n\t\t\t\t\t<\/div>\n\t\t\t\t<\/div>\n\t\t\t\t<\/div>","protected":false},"excerpt":{"rendered":"<p>Qui sommes-nous Ersi La\u00e7ej Nous sommes Authentic Albania Travel Authentic Albania Travel est un tour op\u00e9rateur bien \u00e9tabli \u00e0 Maastricht, qui se consacre \u00e0 la planification et \u00e0 l'ex\u00e9cution efficaces de voyages individuels et de groupes dans les r\u00e9gions les plus captivantes de l'Albanie, ainsi que dans les pays voisins du Mont\u00e9n\u00e9gro, du Kosovo, de la Mac\u00e9doine et de la Gr\u00e8ce (du nord). Nous nous sommes sp\u00e9cialis\u00e9s...<\/p>","protected":false},"author":1,"featured_media":0,"parent":0,"menu_order":0,"comment_status":"closed","ping_status":"closed","template":"","meta":{"footnotes":""},"class_list":["post-332","page","type-page","status-publish","hentry"],"_links":{"self":[{"href":"https:\/\/authenticalbaniatravels.com\/fr\/wp-json\/wp\/v2\/pages\/332","targetHints":{"allow":["GET"]}}],"collection":[{"href":"https:\/\/authenticalbaniatravels.com\/fr\/wp-json\/wp\/v2\/pages"}],"about":[{"href":"https:\/\/authenticalbaniatravels.com\/fr\/wp-json\/wp\/v2\/types\/page"}],"author":[{"embeddable":true,"href":"https:\/\/authenticalbaniatravels.com\/fr\/wp-json\/wp\/v2\/users\/1"}],"replies":[{"embeddable":true,"href":"https:\/\/authenticalbaniatravels.com\/fr\/wp-json\/wp\/v2\/comments?post=332"}],"version-history":[{"count":21,"href":"https:\/\/authenticalbaniatravels.com\/fr\/wp-json\/wp\/v2\/pages\/332\/revisions"}],"predecessor-version":[{"id":794,"href":"https:\/\/authenticalbaniatravels.com\/fr\/wp-json\/wp\/v2\/pages\/332\/revisions\/794"}],"wp:attachment":[{"href":"https:\/\/authenticalbaniatravels.com\/fr\/wp-json\/wp\/v2\/media?parent=332"}],"curies":[{"name":"wp","href":"https:\/\/api.w.org\/{rel}","templated":true}]}}